{"id":4820,"date":"2023-08-09T19:27:22","date_gmt":"2023-08-09T19:27:22","guid":{"rendered":"http:\/\/www.hotelgaintza.com\/?page_id=4820"},"modified":"2026-03-11T22:04:44","modified_gmt":"2026-03-11T22:04:44","slug":"momentos-alta-costura-2","status":"publish","type":"page","link":"https:\/\/www.hotelgaintza.com\/eu\/momentos-alta-costura-2\/","title":{"rendered":"Momentos &#8211; Alta costura"},"content":{"rendered":"<div data-elementor-type=\"wp-page\" data-elementor-id=\"4820\" class=\"elementor elementor-4820\" data-elementor-post-type=\"page\">\n\t\t\t\t<div class=\"elementor-element elementor-element-45990db e-flex e-con-boxed e-con e-parent\" data-id=\"45990db\" data-element_type=\"container\" data-e-type=\"container\" data-settings=\"{&quot;background_background&quot;:&quot;classic&quot;}\">\n\t\t\t\t\t<div class=\"e-con-inner\">\n\t\t<div class=\"elementor-element elementor-element-09b1744 e-con-full e-flex e-con e-child\" data-id=\"09b1744\" data-element_type=\"container\" data-e-type=\"container\">\n\t\t\t\t<div class=\"elementor-element elementor-element-9bf001a elementor-invisible elementor-widget elementor-widget-heading\" data-id=\"9bf001a\" data-element_type=\"widget\" data-e-type=\"widget\" data-settings=\"{&quot;_animation&quot;:&quot;fadeInLeft&quot;}\" data-widget_type=\"heading.default\">\n\t\t\t\t<div class=\"elementor-widget-container\">\n\t\t\t\t\t<h2 class=\"elementor-heading-title elementor-size-default\">MOMENTOS<\/h2>\t\t\t\t<\/div>\n\t\t\t\t<\/div>\n\t\t\t\t<\/div>\n\t\t<div class=\"elementor-element elementor-element-a6ae866 e-con-full e-flex e-con e-child\" data-id=\"a6ae866\" data-element_type=\"container\" data-e-type=\"container\">\n\t\t\t\t<div class=\"elementor-element elementor-element-8b0c3d6 elementor-invisible elementor-widget elementor-widget-image\" data-id=\"8b0c3d6\" data-element_type=\"widget\" data-e-type=\"widget\" data-settings=\"{&quot;_animation&quot;:&quot;fadeInRight&quot;}\" data-widget_type=\"image.default\">\n\t\t\t\t<div class=\"elementor-widget-container\">\n\t\t\t\t\t\t\t\t\t\t\t\t\t\t\t<img fetchpriority=\"high\" decoding=\"async\" width=\"570\" height=\"636\" src=\"https:\/\/www.hotelgaintza.com\/wp-content\/uploads\/2023\/08\/DSC_3785-2-1.png\" class=\"attachment-large size-large wp-image-4847\" alt=\"\" srcset=\"https:\/\/www.hotelgaintza.com\/wp-content\/uploads\/2023\/08\/DSC_3785-2-1.png 570w, https:\/\/www.hotelgaintza.com\/wp-content\/uploads\/2023\/08\/DSC_3785-2-1-269x300.png 269w, https:\/\/www.hotelgaintza.com\/wp-content\/uploads\/2023\/08\/DSC_3785-2-1-11x12.png 11w\" sizes=\"(max-width: 570px) 100vw, 570px\" style=\"width:100%;height:111.58%;max-width:570px\" \/>\t\t\t\t\t\t\t\t\t\t\t\t\t\t\t<\/div>\n\t\t\t\t<\/div>\n\t\t\t\t<\/div>\n\t\t\t\t\t<\/div>\n\t\t\t\t<\/div>\n\t\t<div class=\"elementor-element elementor-element-ca5e3f9 e-flex e-con-boxed e-con e-parent\" data-id=\"ca5e3f9\" data-element_type=\"container\" data-e-type=\"container\" data-settings=\"{&quot;background_background&quot;:&quot;classic&quot;}\">\n\t\t\t\t\t<div class=\"e-con-inner\">\n\t\t<div class=\"elementor-element elementor-element-209c24c e-con-full e-flex e-con e-child\" data-id=\"209c24c\" data-element_type=\"container\" data-e-type=\"container\">\n\t\t\t\t<div class=\"elementor-element elementor-element-f6875c3 elementor-invisible elementor-widget elementor-widget-image\" data-id=\"f6875c3\" data-element_type=\"widget\" data-e-type=\"widget\" data-settings=\"{&quot;_animation&quot;:&quot;fadeInLeft&quot;}\" data-widget_type=\"image.default\">\n\t\t\t\t<div class=\"elementor-widget-container\">\n\t\t\t\t\t\t\t\t\t\t\t\t\t\t\t<img decoding=\"async\" width=\"450\" height=\"596\" src=\"https:\/\/www.hotelgaintza.com\/wp-content\/uploads\/2023\/08\/alta-costura-1.png\" class=\"attachment-full size-full wp-image-5059\" alt=\"\" srcset=\"https:\/\/www.hotelgaintza.com\/wp-content\/uploads\/2023\/08\/alta-costura-1.png 450w, https:\/\/www.hotelgaintza.com\/wp-content\/uploads\/2023\/08\/alta-costura-1-227x300.png 227w, https:\/\/www.hotelgaintza.com\/wp-content\/uploads\/2023\/08\/alta-costura-1-9x12.png 9w\" sizes=\"(max-width: 450px) 100vw, 450px\" style=\"width:100%;height:132.44%;max-width:450px\" \/>\t\t\t\t\t\t\t\t\t\t\t\t\t\t\t<\/div>\n\t\t\t\t<\/div>\n\t\t\t\t<\/div>\n\t\t<div class=\"elementor-element elementor-element-d4674a0 e-con-full e-flex e-con e-child\" data-id=\"d4674a0\" data-element_type=\"container\" data-e-type=\"container\">\n\t\t\t\t<div class=\"elementor-element elementor-element-f5e49ba elementor-invisible elementor-widget elementor-widget-heading\" data-id=\"f5e49ba\" data-element_type=\"widget\" data-e-type=\"widget\" data-settings=\"{&quot;_animation&quot;:&quot;fadeInRight&quot;,&quot;_animation_delay&quot;:400}\" data-widget_type=\"heading.default\">\n\t\t\t\t<div class=\"elementor-widget-container\">\n\t\t\t\t\t<h2 class=\"elementor-heading-title elementor-size-default\">ALTA COSTURA<\/h2>\t\t\t\t<\/div>\n\t\t\t\t<\/div>\n\t\t\t\t<div class=\"elementor-element elementor-element-735202a elementor-invisible elementor-widget elementor-widget-text-editor\" data-id=\"735202a\" data-element_type=\"widget\" data-e-type=\"widget\" data-settings=\"{&quot;_animation&quot;:&quot;fadeInRight&quot;,&quot;_animation_delay&quot;:600}\" data-widget_type=\"text-editor.default\">\n\t\t\t\t<div class=\"elementor-widget-container\">\n\t\t\t\t\t\t\t\t\t<p>Crist\u00f3bal Balenciaga Museoa, inaugurado el 7 de Junio de 2011, en la villa de Getaria, Gipuzkoa, se convierte en el primer gran museo en el mundo, de sus caracter\u00edsticas, dedicado en exclusiva a un modisto. Su misi\u00f3n es difundir y poner en relieve la importancia de la figura y obra del genial dise\u00f1ador en la creaci\u00f3n art\u00edstica en general y en el mundo de la moda y la alta costura en particular.<\/p><p>El Museo custodia la m\u00e1s relevante colecci\u00f3n de creaciones de Crist\u00f3bal Balenciaga a nivel internacional, tanto por el n\u00famero y calidad de las piezas que la componen como por su amplia extensi\u00f3n cronol\u00f3gica.<\/p><p>En los espacios del Museo, adem\u00e1s de exhibirse, de manera rotatoria, una representativa selecci\u00f3n de sus colecciones, se proponen exposiciones temporales vinculadas a la moda y actividades educativas y de ocio.<\/p>\t\t\t\t\t\t\t\t<\/div>\n\t\t\t\t<\/div>\n\t\t\t\t<div class=\"elementor-element elementor-element-9ad3563 elementor-invisible elementor-widget elementor-widget-text-editor\" data-id=\"9ad3563\" data-element_type=\"widget\" data-e-type=\"widget\" data-settings=\"{&quot;_animation&quot;:&quot;fadeInRight&quot;,&quot;_animation_delay&quot;:700}\" data-widget_type=\"text-editor.default\">\n\t\t\t\t<div class=\"elementor-widget-container\">\n\t\t\t\t\t\t\t\t\t<p>Consultas en <a href=\"http:\/\/Consultas en www.cristobalbalenciagamuseoa.com\" target=\"_blank\" rel=\"noopener\" data-wplink-url-error=\"true\">www.cristobalbalenciagamuseoa.com<\/a><\/p>\t\t\t\t\t\t\t\t<\/div>\n\t\t\t\t<\/div>\n\t\t\t\t<\/div>\n\t\t\t\t\t<\/div>\n\t\t\t\t<\/div>\n\t\t<div class=\"elementor-element elementor-element-f98c30f e-con-full e-flex e-con e-parent\" data-id=\"f98c30f\" data-element_type=\"container\" data-e-type=\"container\" data-settings=\"{&quot;background_background&quot;:&quot;classic&quot;}\">\n\t\t\t\t<div class=\"elementor-element elementor-element-833214c elementor-invisible elementor-widget elementor-widget-heading\" data-id=\"833214c\" data-element_type=\"widget\" data-e-type=\"widget\" data-settings=\"{&quot;_animation&quot;:&quot;fadeInLeft&quot;}\" data-widget_type=\"heading.default\">\n\t\t\t\t<div class=\"elementor-widget-container\">\n\t\t\t\t\t<h2 class=\"elementor-heading-title elementor-size-default\"><span class=\"font-c-n\">Otros momentos<\/span><\/h2>\t\t\t\t<\/div>\n\t\t\t\t<\/div>\n\t\t<div class=\"elementor-element elementor-element-a0233bb e-flex e-con-boxed e-con e-child\" data-id=\"a0233bb\" data-element_type=\"container\" data-e-type=\"container\">\n\t\t\t\t\t<div class=\"e-con-inner\">\n\t\t<div class=\"elementor-element elementor-element-02de404 e-con-full column-moments e-flex e-con e-child\" data-id=\"02de404\" data-element_type=\"container\" data-e-type=\"container\">\n\t\t\t\t<div class=\"elementor-element elementor-element-c2dd5cc photo-moments elementor-invisible elementor-widget elementor-widget-image\" data-id=\"c2dd5cc\" data-element_type=\"widget\" data-e-type=\"widget\" data-settings=\"{&quot;_animation&quot;:&quot;fadeIn&quot;,&quot;_animation_delay&quot;:600}\" data-widget_type=\"image.default\">\n\t\t\t\t<div class=\"elementor-widget-container\">\n\t\t\t\t\t\t\t\t\t\t\t\t\t\t\t\t<a href=\"https:\/\/www.hotelgaintza.com\/eu\/momentos\/\">\n\t\t\t\t\t\t\t<img decoding=\"async\" width=\"450\" height=\"596\" src=\"https:\/\/www.hotelgaintza.com\/wp-content\/uploads\/2023\/08\/gastronomico.png\" class=\"attachment-full size-full wp-image-4800\" alt=\"\" srcset=\"https:\/\/www.hotelgaintza.com\/wp-content\/uploads\/2023\/08\/gastronomico.png 450w, https:\/\/www.hotelgaintza.com\/wp-content\/uploads\/2023\/08\/gastronomico-227x300.png 227w, https:\/\/www.hotelgaintza.com\/wp-content\/uploads\/2023\/08\/gastronomico-9x12.png 9w\" sizes=\"(max-width: 450px) 100vw, 450px\" style=\"width:100%;height:132.44%;max-width:450px\" \/>\t\t\t\t\t\t\t\t<\/a>\n\t\t\t\t\t\t\t\t\t\t\t\t\t\t\t<\/div>\n\t\t\t\t<\/div>\n\t\t\t\t<div class=\"elementor-element elementor-element-67e7334 elementor-absolute elementor-widget elementor-widget-heading\" data-id=\"67e7334\" data-element_type=\"widget\" data-e-type=\"widget\" data-settings=\"{&quot;_position&quot;:&quot;absolute&quot;}\" data-widget_type=\"heading.default\">\n\t\t\t\t<div class=\"elementor-widget-container\">\n\t\t\t\t\t<h2 class=\"elementor-heading-title elementor-size-default\"><a href=\"https:\/\/www.hotelgaintza.com\/eu\/momentos\/\">GASTRON\u00d3MICO<\/a><\/h2>\t\t\t\t<\/div>\n\t\t\t\t<\/div>\n\t\t\t\t<\/div>\n\t\t<div class=\"elementor-element elementor-element-a37ae00 e-con-full column-moments e-flex e-con e-child\" data-id=\"a37ae00\" data-element_type=\"container\" data-e-type=\"container\">\n\t\t\t\t<div class=\"elementor-element elementor-element-826b768 photo-moments elementor-invisible elementor-widget elementor-widget-image\" data-id=\"826b768\" data-element_type=\"widget\" data-e-type=\"widget\" data-settings=\"{&quot;_animation&quot;:&quot;fadeIn&quot;,&quot;_animation_delay&quot;:600}\" data-widget_type=\"image.default\">\n\t\t\t\t<div class=\"elementor-widget-container\">\n\t\t\t\t\t\t\t\t\t\t\t\t\t\t\t\t<a href=\"https:\/\/www.hotelgaintza.com\/eu\/momentos-san-sebastian\/\">\n\t\t\t\t\t\t\t<img loading=\"lazy\" decoding=\"async\" width=\"450\" height=\"595\" src=\"https:\/\/www.hotelgaintza.com\/wp-content\/uploads\/2023\/08\/discover-san-sebastian.png\" class=\"attachment-full size-full wp-image-4807\" alt=\"\" srcset=\"https:\/\/www.hotelgaintza.com\/wp-content\/uploads\/2023\/08\/discover-san-sebastian.png 450w, https:\/\/www.hotelgaintza.com\/wp-content\/uploads\/2023\/08\/discover-san-sebastian-227x300.png 227w, https:\/\/www.hotelgaintza.com\/wp-content\/uploads\/2023\/08\/discover-san-sebastian-9x12.png 9w\" sizes=\"(max-width: 450px) 100vw, 450px\" style=\"width:100%;height:132.22%;max-width:450px\" \/>\t\t\t\t\t\t\t\t<\/a>\n\t\t\t\t\t\t\t\t\t\t\t\t\t\t\t<\/div>\n\t\t\t\t<\/div>\n\t\t\t\t<div class=\"elementor-element elementor-element-2c4c381 elementor-absolute elementor-widget elementor-widget-heading\" data-id=\"2c4c381\" data-element_type=\"widget\" data-e-type=\"widget\" data-settings=\"{&quot;_position&quot;:&quot;absolute&quot;}\" data-widget_type=\"heading.default\">\n\t\t\t\t<div class=\"elementor-widget-container\">\n\t\t\t\t\t<h2 class=\"elementor-heading-title elementor-size-default\"><a href=\"https:\/\/www.hotelgaintza.com\/eu\/momentos-san-sebastian\/\">discover \nSan sebastian<\/a><\/h2>\t\t\t\t<\/div>\n\t\t\t\t<\/div>\n\t\t\t\t<\/div>\n\t\t\t\t\t<\/div>\n\t\t\t\t<\/div>\n\t\t\t\t<\/div>\n\t\t\t\t<\/div>","protected":false},"excerpt":{"rendered":"<p>MOMENTOS ALTA COSTURA Crist\u00f3bal Balenciaga Museoa, inaugurado el 7 de Junio de 2011, en la villa de Getaria, Gipuzkoa, se convierte en el primer gran museo en el mundo, de sus caracter\u00edsticas, dedicado en exclusiva a un modisto. Su misi\u00f3n es difundir y poner en relieve la importancia de la figura y obra del genial&hellip; <a class=\"more-link\" href=\"https:\/\/www.hotelgaintza.com\/eu\/momentos-alta-costura-2\/\">Continue reading <span class=\"screen-reader-text\">Momentos &#8211; Alta costura<\/span><\/a><\/p>","protected":false},"author":1,"featured_media":0,"parent":0,"menu_order":0,"comment_status":"closed","ping_status":"closed","template":"elementor_header_footer","meta":{"_joinchat":[],"footnotes":""},"class_list":["post-4820","page","type-page","status-publish","hentry","entry"],"_links":{"self":[{"href":"https:\/\/www.hotelgaintza.com\/eu\/wp-json\/wp\/v2\/pages\/4820","targetHints":{"allow":["GET"]}}],"collection":[{"href":"https:\/\/www.hotelgaintza.com\/eu\/wp-json\/wp\/v2\/pages"}],"about":[{"href":"https:\/\/www.hotelgaintza.com\/eu\/wp-json\/wp\/v2\/types\/page"}],"author":[{"embeddable":true,"href":"https:\/\/www.hotelgaintza.com\/eu\/wp-json\/wp\/v2\/users\/1"}],"replies":[{"embeddable":true,"href":"https:\/\/www.hotelgaintza.com\/eu\/wp-json\/wp\/v2\/comments?post=4820"}],"version-history":[{"count":55,"href":"https:\/\/www.hotelgaintza.com\/eu\/wp-json\/wp\/v2\/pages\/4820\/revisions"}],"predecessor-version":[{"id":26303,"href":"https:\/\/www.hotelgaintza.com\/eu\/wp-json\/wp\/v2\/pages\/4820\/revisions\/26303"}],"wp:attachment":[{"href":"https:\/\/www.hotelgaintza.com\/eu\/wp-json\/wp\/v2\/media?parent=4820"}],"curies":[{"name":"wp","href":"https:\/\/api.w.org\/{rel}","templated":true}]}}